{"id":1584,"date":"2023-05-17T20:50:10","date_gmt":"2023-05-17T23:50:10","guid":{"rendered":"https:\/\/arrojoengenharia.com\/?page_id=1584"},"modified":"2023-05-17T20:51:28","modified_gmt":"2023-05-17T23:51:28","slug":"regularizacao-alvara-de-execucao-de-obra-e-reforma","status":"publish","type":"page","link":"https:\/\/arrojoengenharia.com\/?page_id=1584","title":{"rendered":"Regulariza\u00e7\u00e3o \/ alvar\u00e1 de execu\u00e7\u00e3o de obra e reforma"},"content":{"rendered":"\t\t<div data-elementor-type=\"wp-page\" data-elementor-id=\"1584\" class=\"elementor elementor-1584\">\n\t\t\t\t\t\t<section class=\"elementor-section elementor-top-section elementor-element elementor-element-548202d elementor-section-height-min-height elementor-section-boxed elementor-section-height-default elementor-section-items-middle\" data-id=\"548202d\" data-element_type=\"section\" data-settings=\"{&quot;background_background&quot;:&quot;classic&quot;}\">\n\t\t\t\t\t\t\t<div class=\"elementor-background-overlay\"><\/div>\n\t\t\t\t\t\t\t<div class=\"elementor-container elementor-column-gap-default\">\n\t\t\t\t\t<div class=\"elementor-column elementor-col-100 elementor-top-column elementor-element elementor-element-397fb41\" data-id=\"397fb41\" data-element_type=\"column\">\n\t\t\t<div class=\"elementor-widget-wrap elementor-element-populated\">\n\t\t\t\t\t\t<div class=\"elementor-element elementor-element-139f94e elementor-widget elementor-widget-heading\" data-id=\"139f94e\" data-element_type=\"widget\" data-widget_type=\"heading.default\">\n\t\t\t\t<div class=\"elementor-widget-container\">\n\t\t\t<h3 class=\"elementor-heading-title elementor-size-default\">Alvar\u00e1 de execu\u00e7\u00e3o de obra e reforma <\/h3>\t\t<\/div>\n\t\t\t\t<\/div>\n\t\t\t\t\t<\/div>\n\t\t<\/div>\n\t\t\t\t\t<\/div>\n\t\t<\/section>\n\t\t\t\t<section class=\"elementor-section elementor-top-section elementor-element elementor-element-1c75b42 elementor-section-height-min-height elementor-section-boxed elementor-section-height-default elementor-section-items-middle\" data-id=\"1c75b42\" data-element_type=\"section\" data-settings=\"{&quot;background_background&quot;:&quot;classic&quot;}\">\n\t\t\t\t\t\t<div class=\"elementor-container elementor-column-gap-default\">\n\t\t\t\t\t<div class=\"elementor-column elementor-col-100 elementor-top-column elementor-element elementor-element-e12b342\" data-id=\"e12b342\" data-element_type=\"column\">\n\t\t\t<div class=\"elementor-widget-wrap elementor-element-populated\">\n\t\t\t\t\t\t<div class=\"elementor-element elementor-element-78dbd66 elementor-widget elementor-widget-text-editor\" data-id=\"78dbd66\" data-element_type=\"widget\" data-widget_type=\"text-editor.default\">\n\t\t\t\t<div class=\"elementor-widget-container\">\n\t\t\t\t\t\t\t<p>O\u00a0<strong>Alvar\u00e1 de Execu\u00e7\u00e3o<\/strong>\u00a0ou Licen\u00e7a de Constru\u00e7\u00e3o \u00e9 uma licen\u00e7a emitida para constru\u00e7\u00e3o, amplia\u00e7\u00e3o e\/ou reforma de uma edifica\u00e7\u00e3o dada pela prefeitura.<\/p><p>O objetivo da documenta\u00e7\u00e3o \u00e9 provar que o projeto de constru\u00e7\u00e3o, amplia\u00e7\u00e3o ou reforma atende \u00e0s normas da legisla\u00e7\u00e3o vigente no munic\u00edpio e confirmar a exist\u00eancia de um respons\u00e1vel t\u00e9cnico pela execu\u00e7\u00e3o da obra.<\/p><p>Uma obra que seja iniciada sem a documenta\u00e7\u00e3o em m\u00e3os pode acarretar multas e at\u00e9 mesmo embargo. Sendo o propriet\u00e1rio do terreno que dever\u00e1 assumir a responsabilidade civil e criminal caso ocorra qualquer tipo de ocorr\u00eancia na obra.<\/p>\t\t\t\t\t\t<\/div>\n\t\t\t\t<\/div>\n\t\t\t\t\t<\/div>\n\t\t<\/div>\n\t\t\t\t\t<\/div>\n\t\t<\/section>\n\t\t\t\t<\/div>\n\t\t","protected":false},"excerpt":{"rendered":"<p>Alvar\u00e1 de execu\u00e7\u00e3o de obra e reforma O\u00a0Alvar\u00e1 de Execu\u00e7\u00e3o\u00a0ou Licen\u00e7a de Constru\u00e7\u00e3o \u00e9 uma licen\u00e7a emitida para constru\u00e7\u00e3o, amplia\u00e7\u00e3o e\/ou reforma de uma edifica\u00e7\u00e3o dada pela prefeitura. O objetivo da documenta\u00e7\u00e3o \u00e9 provar que o projeto de constru\u00e7\u00e3o, amplia\u00e7\u00e3o ou reforma atende \u00e0s normas da legisla\u00e7\u00e3o vigente no munic\u00edpio e confirmar a exist\u00eancia de &hellip; <\/p>\n<p class=\"link-more\"><a href=\"https:\/\/arrojoengenharia.com\/?page_id=1584\" class=\"more-link\">Continue lendo<span class=\"screen-reader-text\"> &#8220;Regulariza\u00e7\u00e3o \/ alvar\u00e1 de execu\u00e7\u00e3o de obra e reforma&#8221;<\/span><\/a><\/p>\n","protected":false},"author":1,"featured_media":0,"parent":0,"menu_order":0,"comment_status":"closed","ping_status":"closed","template":"elementor_canvas","meta":{"_monsterinsights_skip_tracking":false,"_monsterinsights_sitenote_active":false,"_monsterinsights_sitenote_note":"","_monsterinsights_sitenote_category":0,"footnotes":""},"class_list":["post-1584","page","type-page","status-publish","hentry","entry"],"aioseo_notices":[],"_links":{"self":[{"href":"https:\/\/arrojoengenharia.com\/index.php?rest_route=\/wp\/v2\/pages\/1584","targetHints":{"allow":["GET"]}}],"collection":[{"href":"https:\/\/arrojoengenharia.com\/index.php?rest_route=\/wp\/v2\/pages"}],"about":[{"href":"https:\/\/arrojoengenharia.com\/index.php?rest_route=\/wp\/v2\/types\/page"}],"author":[{"embeddable":true,"href":"https:\/\/arrojoengenharia.com\/index.php?rest_route=\/wp\/v2\/users\/1"}],"replies":[{"embeddable":true,"href":"https:\/\/arrojoengenharia.com\/index.php?rest_route=%2Fwp%2Fv2%2Fcomments&post=1584"}],"version-history":[{"count":10,"href":"https:\/\/arrojoengenharia.com\/index.php?rest_route=\/wp\/v2\/pages\/1584\/revisions"}],"predecessor-version":[{"id":1594,"href":"https:\/\/arrojoengenharia.com\/index.php?rest_route=\/wp\/v2\/pages\/1584\/revisions\/1594"}],"wp:attachment":[{"href":"https:\/\/arrojoengenharia.com\/index.php?rest_route=%2Fwp%2Fv2%2Fmedia&parent=1584"}],"curies":[{"name":"wp","href":"https:\/\/api.w.org\/{rel}","templated":true}]}}