{"id":1538,"date":"2023-05-17T20:30:01","date_gmt":"2023-05-17T23:30:01","guid":{"rendered":"https:\/\/arrojoengenharia.com\/?page_id=1538"},"modified":"2023-06-09T12:36:22","modified_gmt":"2023-06-09T15:36:22","slug":"regularizacao-alvara-de-demolicao","status":"publish","type":"page","link":"https:\/\/arrojoengenharia.com\/?page_id=1538","title":{"rendered":"Regulariza\u00e7\u00e3o \/ alvar\u00e1 de demoli\u00e7\u00e3o"},"content":{"rendered":"\t\t<div data-elementor-type=\"wp-page\" data-elementor-id=\"1538\" class=\"elementor elementor-1538\">\n\t\t\t\t\t\t<section class=\"elementor-section elementor-top-section elementor-element elementor-element-548202d elementor-section-height-min-height elementor-section-boxed elementor-section-height-default elementor-section-items-middle\" data-id=\"548202d\" data-element_type=\"section\" data-settings=\"{&quot;background_background&quot;:&quot;classic&quot;}\">\n\t\t\t\t\t\t\t<div class=\"elementor-background-overlay\"><\/div>\n\t\t\t\t\t\t\t<div class=\"elementor-container elementor-column-gap-default\">\n\t\t\t\t\t<div class=\"elementor-column elementor-col-100 elementor-top-column elementor-element elementor-element-397fb41\" data-id=\"397fb41\" data-element_type=\"column\">\n\t\t\t<div class=\"elementor-widget-wrap elementor-element-populated\">\n\t\t\t\t\t\t<div class=\"elementor-element elementor-element-139f94e elementor-widget elementor-widget-heading\" data-id=\"139f94e\" data-element_type=\"widget\" data-widget_type=\"heading.default\">\n\t\t\t\t<div class=\"elementor-widget-container\">\n\t\t\t<h3 class=\"elementor-heading-title elementor-size-default\">Alvar\u00e1 de demoli\u00e7\u00e3o<\/h3>\t\t<\/div>\n\t\t\t\t<\/div>\n\t\t\t\t\t<\/div>\n\t\t<\/div>\n\t\t\t\t\t<\/div>\n\t\t<\/section>\n\t\t\t\t<section class=\"elementor-section elementor-top-section elementor-element elementor-element-1c75b42 elementor-section-height-min-height elementor-section-boxed elementor-section-height-default elementor-section-items-middle\" data-id=\"1c75b42\" data-element_type=\"section\" data-settings=\"{&quot;background_background&quot;:&quot;classic&quot;}\">\n\t\t\t\t\t\t<div class=\"elementor-container elementor-column-gap-default\">\n\t\t\t\t\t<div class=\"elementor-column elementor-col-100 elementor-top-column elementor-element elementor-element-e12b342\" data-id=\"e12b342\" data-element_type=\"column\">\n\t\t\t<div class=\"elementor-widget-wrap elementor-element-populated\">\n\t\t\t\t\t\t<div class=\"elementor-element elementor-element-78dbd66 elementor-widget elementor-widget-text-editor\" data-id=\"78dbd66\" data-element_type=\"widget\" data-widget_type=\"text-editor.default\">\n\t\t\t\t<div class=\"elementor-widget-container\">\n\t\t\t\t\t\t\t<p>O\u00a0<strong><u>Alvar\u00e1 de Demoli\u00e7\u00e3o<\/u><\/strong>, trata-se de uma licen\u00e7a de execu\u00e7\u00e3o dada pela prefeitura.<\/p><p>O objetivo da documenta\u00e7\u00e3o \u00e9 provar que o projeto de demoli\u00e7\u00e3o atende \u00e0s normas da legisla\u00e7\u00e3o vigente no munic\u00edpio e confirmar a exist\u00eancia de um respons\u00e1vel t\u00e9cnico pela execu\u00e7\u00e3o da obra.<\/p><p>Uma obra que seja iniciada sem a documenta\u00e7\u00e3o em m\u00e3os pode acarretar multas e at\u00e9 mesmo embargo. Sendo o propriet\u00e1rio do terreno que dever\u00e1 assumir a responsabilidade civil e criminal caso ocorra qualquer tipo de ocorr\u00eancia na obra.<\/p>\t\t\t\t\t\t<\/div>\n\t\t\t\t<\/div>\n\t\t\t\t\t<\/div>\n\t\t<\/div>\n\t\t\t\t\t<\/div>\n\t\t<\/section>\n\t\t\t\t<\/div>\n\t\t","protected":false},"excerpt":{"rendered":"<p>Alvar\u00e1 de demoli\u00e7\u00e3o O\u00a0Alvar\u00e1 de Demoli\u00e7\u00e3o, trata-se de uma licen\u00e7a de execu\u00e7\u00e3o dada pela prefeitura. O objetivo da documenta\u00e7\u00e3o \u00e9 provar que o projeto de demoli\u00e7\u00e3o atende \u00e0s normas da legisla\u00e7\u00e3o vigente no munic\u00edpio e confirmar a exist\u00eancia de um respons\u00e1vel t\u00e9cnico pela execu\u00e7\u00e3o da obra. Uma obra que seja iniciada sem a documenta\u00e7\u00e3o em &hellip; <\/p>\n<p class=\"link-more\"><a href=\"https:\/\/arrojoengenharia.com\/?page_id=1538\" class=\"more-link\">Continue lendo<span class=\"screen-reader-text\"> &#8220;Regulariza\u00e7\u00e3o \/ alvar\u00e1 de demoli\u00e7\u00e3o&#8221;<\/span><\/a><\/p>\n","protected":false},"author":1,"featured_media":0,"parent":0,"menu_order":0,"comment_status":"closed","ping_status":"closed","template":"elementor_canvas","meta":{"_monsterinsights_skip_tracking":false,"_monsterinsights_sitenote_active":false,"_monsterinsights_sitenote_note":"","_monsterinsights_sitenote_category":0,"footnotes":""},"class_list":["post-1538","page","type-page","status-publish","hentry","entry"],"aioseo_notices":[],"_links":{"self":[{"href":"https:\/\/arrojoengenharia.com\/index.php?rest_route=\/wp\/v2\/pages\/1538","targetHints":{"allow":["GET"]}}],"collection":[{"href":"https:\/\/arrojoengenharia.com\/index.php?rest_route=\/wp\/v2\/pages"}],"about":[{"href":"https:\/\/arrojoengenharia.com\/index.php?rest_route=\/wp\/v2\/types\/page"}],"author":[{"embeddable":true,"href":"https:\/\/arrojoengenharia.com\/index.php?rest_route=\/wp\/v2\/users\/1"}],"replies":[{"embeddable":true,"href":"https:\/\/arrojoengenharia.com\/index.php?rest_route=%2Fwp%2Fv2%2Fcomments&post=1538"}],"version-history":[{"count":7,"href":"https:\/\/arrojoengenharia.com\/index.php?rest_route=\/wp\/v2\/pages\/1538\/revisions"}],"predecessor-version":[{"id":1635,"href":"https:\/\/arrojoengenharia.com\/index.php?rest_route=\/wp\/v2\/pages\/1538\/revisions\/1635"}],"wp:attachment":[{"href":"https:\/\/arrojoengenharia.com\/index.php?rest_route=%2Fwp%2Fv2%2Fmedia&parent=1538"}],"curies":[{"name":"wp","href":"https:\/\/api.w.org\/{rel}","templated":true}]}}