{"id":1483,"date":"2023-05-16T19:20:09","date_gmt":"2023-05-16T22:20:09","guid":{"rendered":"https:\/\/arrojoengenharia.com\/?page_id=1483"},"modified":"2023-07-25T20:58:34","modified_gmt":"2023-07-25T23:58:34","slug":"duplicated-laudo-de-vistoria-de-recebimento-de-obra-1460","status":"publish","type":"page","link":"https:\/\/arrojoengenharia.com\/?page_id=1483","title":{"rendered":"Duplicated: Laudo de vistoria de recebimento de obra &#8211; [#1460]"},"content":{"rendered":"\t\t<div data-elementor-type=\"wp-page\" data-elementor-id=\"1483\" class=\"elementor elementor-1483\">\n\t\t\t\t\t\t<section class=\"elementor-section elementor-top-section elementor-element elementor-element-548202d elementor-section-height-min-height elementor-section-boxed elementor-section-height-default elementor-section-items-middle\" data-id=\"548202d\" data-element_type=\"section\" data-settings=\"{&quot;background_background&quot;:&quot;classic&quot;}\">\n\t\t\t\t\t\t\t<div class=\"elementor-background-overlay\"><\/div>\n\t\t\t\t\t\t\t<div class=\"elementor-container elementor-column-gap-default\">\n\t\t\t\t\t<div class=\"elementor-column elementor-col-100 elementor-top-column elementor-element elementor-element-397fb41\" data-id=\"397fb41\" data-element_type=\"column\">\n\t\t\t<div class=\"elementor-widget-wrap elementor-element-populated\">\n\t\t\t\t\t\t<div class=\"elementor-element elementor-element-139f94e elementor-widget elementor-widget-heading\" data-id=\"139f94e\" data-element_type=\"widget\" data-widget_type=\"heading.default\">\n\t\t\t\t<div class=\"elementor-widget-container\">\n\t\t\t<h3 class=\"elementor-heading-title elementor-size-default\">Laudo de inspe\u00e7\u00e3o predial<\/h3>\t\t<\/div>\n\t\t\t\t<\/div>\n\t\t\t\t\t<\/div>\n\t\t<\/div>\n\t\t\t\t\t<\/div>\n\t\t<\/section>\n\t\t\t\t<section class=\"elementor-section elementor-top-section elementor-element elementor-element-1c75b42 elementor-section-height-min-height elementor-section-boxed elementor-section-height-default elementor-section-items-middle\" data-id=\"1c75b42\" data-element_type=\"section\" data-settings=\"{&quot;background_background&quot;:&quot;classic&quot;}\">\n\t\t\t\t\t\t<div class=\"elementor-container elementor-column-gap-default\">\n\t\t\t\t\t<div class=\"elementor-column elementor-col-100 elementor-top-column elementor-element elementor-element-e12b342\" data-id=\"e12b342\" data-element_type=\"column\">\n\t\t\t<div class=\"elementor-widget-wrap elementor-element-populated\">\n\t\t\t\t\t\t<div class=\"elementor-element elementor-element-78dbd66 elementor-widget elementor-widget-text-editor\" data-id=\"78dbd66\" data-element_type=\"widget\" data-widget_type=\"text-editor.default\">\n\t\t\t\t<div class=\"elementor-widget-container\">\n\t\t\t\t\t\t\t<p>O Laudo de Inspe\u00e7\u00e3o Predial \u00e9 um documento importante para identificar os riscos estruturais da edifica\u00e7\u00e3o e ajudar a definir as prioridades para investimentos e reformas.<\/p><p>O Laudo de Inspe\u00e7\u00e3o Predial \u00e9 feito nas \u00e1reas comuns das edifica\u00e7\u00f5es, e n\u00e3o nos apartamentos, e auxilia a detectar problemas, falhas ou riscos, facilitando a tomada de decis\u00f5es de s\u00edndicos ou administradores.<\/p><p><strong>O que \u00e9 o Laudo de Inspe\u00e7\u00e3o Predial?<\/strong><\/p><p>A inspe\u00e7\u00e3o predial \u00e9 um processo que auxilia na gest\u00e3o da edifica\u00e7\u00e3o e, quando feita com periodicidade, <u>ajuda a mitigar riscos t\u00e9cnicos e econ\u00f4micos associados \u00e0 perda do desempenho.\u00a0<\/u><\/p><p>Essa atividade tem o objetivo de analisar o estado de conserva\u00e7\u00e3o e o funcionamento da edifica\u00e7\u00e3o para que sejam mantidas as condi\u00e7\u00f5es m\u00ednimas necess\u00e1rias \u00e0 seguran\u00e7a, habitabilidade e sustentabilidade da edifica\u00e7\u00e3o.<\/p><p>Essa vistoria deve ser feita por profissionais das \u00e1reas de engenharia e arquitetura, devidamente habilitados e registrados nos conselhos regionais (CREA e CAU).\u00a0<\/p><p>Assim, a partir desse laudo, \u00e9 poss\u00edvel desenvolver um planejamento de manuten\u00e7\u00e3o predial mais eficiente, dando prioridade aos pontos que necessitam maior urg\u00eancia.<\/p><p><strong>Os itens avaliados pelo laudo s\u00e3o:<\/strong><\/p><ul><li>El\u00e9trica;<\/li><li>Hidr\u00e1ulica;<\/li><li>Estruturas;<\/li><li>Elevadores;<\/li><li>Geradores;<\/li><li>Telhados;<\/li><li>Fachadas;<\/li><li>Pisos;<\/li><\/ul>\t\t\t\t\t\t<\/div>\n\t\t\t\t<\/div>\n\t\t\t\t\t<\/div>\n\t\t<\/div>\n\t\t\t\t\t<\/div>\n\t\t<\/section>\n\t\t\t\t<\/div>\n\t\t","protected":false},"excerpt":{"rendered":"<p>Laudo de inspe\u00e7\u00e3o predial O Laudo de Inspe\u00e7\u00e3o Predial \u00e9 um documento importante para identificar os riscos estruturais da edifica\u00e7\u00e3o e ajudar a definir as prioridades para investimentos e reformas. O Laudo de Inspe\u00e7\u00e3o Predial \u00e9 feito nas \u00e1reas comuns das edifica\u00e7\u00f5es, e n\u00e3o nos apartamentos, e auxilia a detectar problemas, falhas ou riscos, facilitando &hellip; <\/p>\n<p class=\"link-more\"><a href=\"https:\/\/arrojoengenharia.com\/?page_id=1483\" class=\"more-link\">Continue lendo<span class=\"screen-reader-text\"> &#8220;Duplicated: Laudo de vistoria de recebimento de obra &#8211; [#1460]&#8221;<\/span><\/a><\/p>\n","protected":false},"author":1,"featured_media":0,"parent":0,"menu_order":0,"comment_status":"closed","ping_status":"closed","template":"elementor_canvas","meta":{"_monsterinsights_skip_tracking":false,"_monsterinsights_sitenote_active":false,"_monsterinsights_sitenote_note":"","_monsterinsights_sitenote_category":0,"footnotes":""},"class_list":["post-1483","page","type-page","status-publish","hentry","entry"],"aioseo_notices":[],"_links":{"self":[{"href":"https:\/\/arrojoengenharia.com\/index.php?rest_route=\/wp\/v2\/pages\/1483","targetHints":{"allow":["GET"]}}],"collection":[{"href":"https:\/\/arrojoengenharia.com\/index.php?rest_route=\/wp\/v2\/pages"}],"about":[{"href":"https:\/\/arrojoengenharia.com\/index.php?rest_route=\/wp\/v2\/types\/page"}],"author":[{"embeddable":true,"href":"https:\/\/arrojoengenharia.com\/index.php?rest_route=\/wp\/v2\/users\/1"}],"replies":[{"embeddable":true,"href":"https:\/\/arrojoengenharia.com\/index.php?rest_route=%2Fwp%2Fv2%2Fcomments&post=1483"}],"version-history":[{"count":33,"href":"https:\/\/arrojoengenharia.com\/index.php?rest_route=\/wp\/v2\/pages\/1483\/revisions"}],"predecessor-version":[{"id":1915,"href":"https:\/\/arrojoengenharia.com\/index.php?rest_route=\/wp\/v2\/pages\/1483\/revisions\/1915"}],"wp:attachment":[{"href":"https:\/\/arrojoengenharia.com\/index.php?rest_route=%2Fwp%2Fv2%2Fmedia&parent=1483"}],"curies":[{"name":"wp","href":"https:\/\/api.w.org\/{rel}","templated":true}]}}