{"id":1460,"date":"2023-05-16T19:07:53","date_gmt":"2023-05-16T22:07:53","guid":{"rendered":"https:\/\/arrojoengenharia.com\/?page_id=1460"},"modified":"2023-05-16T19:09:22","modified_gmt":"2023-05-16T22:09:22","slug":"laudo-de-vistoria-de-recebimento-de-obra","status":"publish","type":"page","link":"https:\/\/arrojoengenharia.com\/?page_id=1460","title":{"rendered":"Laudo de vistoria de recebimento de obra"},"content":{"rendered":"\t\t<div data-elementor-type=\"wp-page\" data-elementor-id=\"1460\" class=\"elementor elementor-1460\">\n\t\t\t\t\t\t<section class=\"elementor-section elementor-top-section elementor-element elementor-element-548202d elementor-section-height-min-height elementor-section-boxed elementor-section-height-default elementor-section-items-middle\" data-id=\"548202d\" data-element_type=\"section\" data-settings=\"{&quot;background_background&quot;:&quot;classic&quot;}\">\n\t\t\t\t\t\t\t<div class=\"elementor-background-overlay\"><\/div>\n\t\t\t\t\t\t\t<div class=\"elementor-container elementor-column-gap-default\">\n\t\t\t\t\t<div class=\"elementor-column elementor-col-100 elementor-top-column elementor-element elementor-element-397fb41\" data-id=\"397fb41\" data-element_type=\"column\">\n\t\t\t<div class=\"elementor-widget-wrap elementor-element-populated\">\n\t\t\t\t\t\t<div class=\"elementor-element elementor-element-139f94e elementor-widget elementor-widget-heading\" data-id=\"139f94e\" data-element_type=\"widget\" data-widget_type=\"heading.default\">\n\t\t\t\t<div class=\"elementor-widget-container\">\n\t\t\t<h3 class=\"elementor-heading-title elementor-size-default\">Laudo de vistoria de recebimento de obra<\/h3>\t\t<\/div>\n\t\t\t\t<\/div>\n\t\t\t\t\t<\/div>\n\t\t<\/div>\n\t\t\t\t\t<\/div>\n\t\t<\/section>\n\t\t\t\t<section class=\"elementor-section elementor-top-section elementor-element elementor-element-1c75b42 elementor-section-height-min-height elementor-section-boxed elementor-section-height-default elementor-section-items-middle\" data-id=\"1c75b42\" data-element_type=\"section\" data-settings=\"{&quot;background_background&quot;:&quot;classic&quot;}\">\n\t\t\t\t\t\t<div class=\"elementor-container elementor-column-gap-default\">\n\t\t\t\t\t<div class=\"elementor-column elementor-col-100 elementor-top-column elementor-element elementor-element-e12b342\" data-id=\"e12b342\" data-element_type=\"column\">\n\t\t\t<div class=\"elementor-widget-wrap elementor-element-populated\">\n\t\t\t\t\t\t<div class=\"elementor-element elementor-element-78dbd66 elementor-widget elementor-widget-text-editor\" data-id=\"78dbd66\" data-element_type=\"widget\" data-widget_type=\"text-editor.default\">\n\t\t\t\t<div class=\"elementor-widget-container\">\n\t\t\t\t\t\t\t<p>A Vistoria de recebimento de obra \u00e9 a primeira inspe\u00e7\u00e3o realizada no im\u00f3vel e deve ser efetuada imediatamente ap\u00f3s sua conclus\u00e3o, ou antes de iniciar o uso, e tamb\u00e9m, quando houver altera\u00e7\u00f5es em sua configura\u00e7\u00e3o, como reforma, refor\u00e7o,\u00a0retrofit\u00a0ou mudan\u00e7a de algum sistema (adaptado de ABNT NBR 9452, 2016).<\/p><p>A inspe\u00e7\u00e3o de recebimento de obra pode ser considerada uma exig\u00eancia legal e normativa.<\/p><p>De acordo com a NBR 5671\u00a0(ABNT, 1990, p. 8), item 5.16.1: \u201c\u00c9 de responsabilidade do adquirente\u201d, al\u00ednea a: \u201cvistoriar o bem im\u00f3vel, apontando de maneira formal, por escrito, quaisquer defeitos verificados \u201c; e al\u00ednea b: \u201cantes de tomar posse, receber o bem im\u00f3vel, constatada a inexist\u00eancia de defeitos vis\u00edveis \u201c.<\/p>\t\t\t\t\t\t<\/div>\n\t\t\t\t<\/div>\n\t\t\t\t\t<\/div>\n\t\t<\/div>\n\t\t\t\t\t<\/div>\n\t\t<\/section>\n\t\t\t\t<\/div>\n\t\t","protected":false},"excerpt":{"rendered":"<p>Laudo de vistoria de recebimento de obra A Vistoria de recebimento de obra \u00e9 a primeira inspe\u00e7\u00e3o realizada no im\u00f3vel e deve ser efetuada imediatamente ap\u00f3s sua conclus\u00e3o, ou antes de iniciar o uso, e tamb\u00e9m, quando houver altera\u00e7\u00f5es em sua configura\u00e7\u00e3o, como reforma, refor\u00e7o,\u00a0retrofit\u00a0ou mudan\u00e7a de algum sistema (adaptado de ABNT NBR 9452, 2016). &hellip; <\/p>\n<p class=\"link-more\"><a href=\"https:\/\/arrojoengenharia.com\/?page_id=1460\" class=\"more-link\">Continue lendo<span class=\"screen-reader-text\"> &#8220;Laudo de vistoria de recebimento de obra&#8221;<\/span><\/a><\/p>\n","protected":false},"author":1,"featured_media":0,"parent":0,"menu_order":0,"comment_status":"closed","ping_status":"closed","template":"elementor_canvas","meta":{"_monsterinsights_skip_tracking":false,"_monsterinsights_sitenote_active":false,"_monsterinsights_sitenote_note":"","_monsterinsights_sitenote_category":0,"footnotes":""},"class_list":["post-1460","page","type-page","status-publish","hentry","entry"],"aioseo_notices":[],"_links":{"self":[{"href":"https:\/\/arrojoengenharia.com\/index.php?rest_route=\/wp\/v2\/pages\/1460","targetHints":{"allow":["GET"]}}],"collection":[{"href":"https:\/\/arrojoengenharia.com\/index.php?rest_route=\/wp\/v2\/pages"}],"about":[{"href":"https:\/\/arrojoengenharia.com\/index.php?rest_route=\/wp\/v2\/types\/page"}],"author":[{"embeddable":true,"href":"https:\/\/arrojoengenharia.com\/index.php?rest_route=\/wp\/v2\/users\/1"}],"replies":[{"embeddable":true,"href":"https:\/\/arrojoengenharia.com\/index.php?rest_route=%2Fwp%2Fv2%2Fcomments&post=1460"}],"version-history":[{"count":7,"href":"https:\/\/arrojoengenharia.com\/index.php?rest_route=\/wp\/v2\/pages\/1460\/revisions"}],"predecessor-version":[{"id":1468,"href":"https:\/\/arrojoengenharia.com\/index.php?rest_route=\/wp\/v2\/pages\/1460\/revisions\/1468"}],"wp:attachment":[{"href":"https:\/\/arrojoengenharia.com\/index.php?rest_route=%2Fwp%2Fv2%2Fmedia&parent=1460"}],"curies":[{"name":"wp","href":"https:\/\/api.w.org\/{rel}","templated":true}]}}