{"id":1434,"date":"2023-05-16T19:17:19","date_gmt":"2023-05-16T22:17:19","guid":{"rendered":"https:\/\/arrojoengenharia.com\/?page_id=1434"},"modified":"2023-05-17T20:23:15","modified_gmt":"2023-05-17T23:23:15","slug":"art-instalacao-de-ar-condicionado","status":"publish","type":"page","link":"https:\/\/arrojoengenharia.com\/?page_id=1434","title":{"rendered":"Retifica\u00e7\u00e3o de registro imobili\u00e1rio"},"content":{"rendered":"\t\t<div data-elementor-type=\"wp-page\" data-elementor-id=\"1434\" class=\"elementor elementor-1434\">\n\t\t\t\t\t\t<section class=\"elementor-section elementor-top-section elementor-element elementor-element-548202d elementor-section-height-min-height elementor-section-boxed elementor-section-height-default elementor-section-items-middle\" data-id=\"548202d\" data-element_type=\"section\" data-settings=\"{&quot;background_background&quot;:&quot;classic&quot;}\">\n\t\t\t\t\t\t\t<div class=\"elementor-background-overlay\"><\/div>\n\t\t\t\t\t\t\t<div class=\"elementor-container elementor-column-gap-default\">\n\t\t\t\t\t<div class=\"elementor-column elementor-col-100 elementor-top-column elementor-element elementor-element-397fb41\" data-id=\"397fb41\" data-element_type=\"column\">\n\t\t\t<div class=\"elementor-widget-wrap elementor-element-populated\">\n\t\t\t\t\t\t<div class=\"elementor-element elementor-element-139f94e elementor-widget elementor-widget-heading\" data-id=\"139f94e\" data-element_type=\"widget\" data-widget_type=\"heading.default\">\n\t\t\t\t<div class=\"elementor-widget-container\">\n\t\t\t<h3 class=\"elementor-heading-title elementor-size-default\">Retifica\u00e7\u00e3o de registro imobili\u00e1rio<\/h3>\t\t<\/div>\n\t\t\t\t<\/div>\n\t\t\t\t\t<\/div>\n\t\t<\/div>\n\t\t\t\t\t<\/div>\n\t\t<\/section>\n\t\t\t\t<section class=\"elementor-section elementor-top-section elementor-element elementor-element-1c75b42 elementor-section-height-min-height elementor-section-boxed elementor-section-height-default elementor-section-items-middle\" data-id=\"1c75b42\" data-element_type=\"section\" data-settings=\"{&quot;background_background&quot;:&quot;classic&quot;}\">\n\t\t\t\t\t\t<div class=\"elementor-container elementor-column-gap-default\">\n\t\t\t\t\t<div class=\"elementor-column elementor-col-100 elementor-top-column elementor-element elementor-element-e12b342\" data-id=\"e12b342\" data-element_type=\"column\">\n\t\t\t<div class=\"elementor-widget-wrap elementor-element-populated\">\n\t\t\t\t\t\t<div class=\"elementor-element elementor-element-78dbd66 elementor-widget elementor-widget-text-editor\" data-id=\"78dbd66\" data-element_type=\"widget\" data-widget_type=\"text-editor.default\">\n\t\t\t\t<div class=\"elementor-widget-container\">\n\t\t\t\t\t\t\t<p>O processo de \u201cRetifica\u00e7\u00e3o de Registro Imobili\u00e1rio\u201d tem a finalidade de corrigir erros, omiss\u00f5es e imperfei\u00e7\u00f5es que possam existir na descri\u00e7\u00e3o do im\u00f3vel, ou nos dados das pessoas que constam no registro \/ matr\u00edcula.<\/p><p>Modalidades de retifica\u00e7\u00e3o:<\/p>\t\t\t\t\t\t<\/div>\n\t\t\t\t<\/div>\n\t\t\t\t<div class=\"elementor-element elementor-element-df317ba elementor-icon-list--layout-traditional elementor-list-item-link-full_width elementor-widget elementor-widget-icon-list\" data-id=\"df317ba\" data-element_type=\"widget\" data-widget_type=\"icon-list.default\">\n\t\t\t\t<div class=\"elementor-widget-container\">\n\t\t\t\t\t<ul class=\"elementor-icon-list-items\">\n\t\t\t\t\t\t\t<li class=\"elementor-icon-list-item\">\n\t\t\t\t\t\t\t\t\t\t\t<span class=\"elementor-icon-list-icon\">\n\t\t\t\t\t\t\t<i aria-hidden=\"true\" class=\"fas fa-check\"><\/i>\t\t\t\t\t\t<\/span>\n\t\t\t\t\t\t\t\t\t\t<span class=\"elementor-icon-list-text\">Omiss\u00e3o ou erro cometido na transposi\u00e7\u00e3o de qualquer elemento do t\u00edtulo;<\/span>\n\t\t\t\t\t\t\t\t\t<\/li>\n\t\t\t\t\t\t\t\t<li class=\"elementor-icon-list-item\">\n\t\t\t\t\t\t\t\t\t\t\t<span class=\"elementor-icon-list-icon\">\n\t\t\t\t\t\t\t<i aria-hidden=\"true\" class=\"fas fa-check\"><\/i>\t\t\t\t\t\t<\/span>\n\t\t\t\t\t\t\t\t\t\t<span class=\"elementor-icon-list-text\">Indica\u00e7\u00e3o ou atualiza\u00e7\u00e3o de confronta\u00e7\u00e3o;<\/span>\n\t\t\t\t\t\t\t\t\t<\/li>\n\t\t\t\t\t\t\t\t<li class=\"elementor-icon-list-item\">\n\t\t\t\t\t\t\t\t\t\t\t<span class=\"elementor-icon-list-icon\">\n\t\t\t\t\t\t\t<i aria-hidden=\"true\" class=\"fas fa-check\"><\/i>\t\t\t\t\t\t<\/span>\n\t\t\t\t\t\t\t\t\t\t<span class=\"elementor-icon-list-text\">Altera\u00e7\u00e3o de denomina\u00e7\u00e3o de logradouro p\u00fablico, comprovada por documento oficial;<\/span>\n\t\t\t\t\t\t\t\t\t<\/li>\n\t\t\t\t\t\t\t\t<li class=\"elementor-icon-list-item\">\n\t\t\t\t\t\t\t\t\t\t\t<span class=\"elementor-icon-list-icon\">\n\t\t\t\t\t\t\t<i aria-hidden=\"true\" class=\"fas fa-check\"><\/i>\t\t\t\t\t\t<\/span>\n\t\t\t\t\t\t\t\t\t\t<span class=\"elementor-icon-list-text\">Retifica\u00e7\u00e3o que vise a indica\u00e7\u00e3o de rumos, \u00e2ngulos de deflex\u00e3o ou inser\u00e7\u00e3o de coordenadas georreferenciadas, em que n\u00e3o haja altera\u00e7\u00e3o das medidas perimetrais;<\/span>\n\t\t\t\t\t\t\t\t\t<\/li>\n\t\t\t\t\t\t\t\t<li class=\"elementor-icon-list-item\">\n\t\t\t\t\t\t\t\t\t\t\t<span class=\"elementor-icon-list-icon\">\n\t\t\t\t\t\t\t<i aria-hidden=\"true\" class=\"fas fa-check\"><\/i>\t\t\t\t\t\t<\/span>\n\t\t\t\t\t\t\t\t\t\t<span class=\"elementor-icon-list-text\">Altera\u00e7\u00e3o ou inser\u00e7\u00e3o que resulte de mero c\u00e1lculo matem\u00e1tico feito a partir das medidas perimetrais constantes do registro;<\/span>\n\t\t\t\t\t\t\t\t\t<\/li>\n\t\t\t\t\t\t\t\t<li class=\"elementor-icon-list-item\">\n\t\t\t\t\t\t\t\t\t\t\t<span class=\"elementor-icon-list-icon\">\n\t\t\t\t\t\t\t<i aria-hidden=\"true\" class=\"fas fa-check\"><\/i>\t\t\t\t\t\t<\/span>\n\t\t\t\t\t\t\t\t\t\t<span class=\"elementor-icon-list-text\">Reprodu\u00e7\u00e3o de descri\u00e7\u00e3o de linha divis\u00f3ria de im\u00f3vel confrontante que j\u00e1 tenha sido objeto de retifica\u00e7\u00e3o;<\/span>\n\t\t\t\t\t\t\t\t\t<\/li>\n\t\t\t\t\t\t\t\t<li class=\"elementor-icon-list-item\">\n\t\t\t\t\t\t\t\t\t\t\t<span class=\"elementor-icon-list-icon\">\n\t\t\t\t\t\t\t<i aria-hidden=\"true\" class=\"fas fa-check\"><\/i>\t\t\t\t\t\t<\/span>\n\t\t\t\t\t\t\t\t\t\t<span class=\"elementor-icon-list-text\">Inser\u00e7\u00e3o ou modifica\u00e7\u00e3o dos dados de qualifica\u00e7\u00e3o pessoal das partes, comprovada por documentos oficiais, ou mediante despacho judicial quando houver necessidade de produ\u00e7\u00e3o de outras provas;<\/span>\n\t\t\t\t\t\t\t\t\t<\/li>\n\t\t\t\t\t\t<\/ul>\n\t\t\t\t<\/div>\n\t\t\t\t<\/div>\n\t\t\t\t\t<\/div>\n\t\t<\/div>\n\t\t\t\t\t<\/div>\n\t\t<\/section>\n\t\t\t\t<\/div>\n\t\t","protected":false},"excerpt":{"rendered":"<p>Retifica\u00e7\u00e3o de registro imobili\u00e1rio O processo de \u201cRetifica\u00e7\u00e3o de Registro Imobili\u00e1rio\u201d tem a finalidade de corrigir erros, omiss\u00f5es e imperfei\u00e7\u00f5es que possam existir na descri\u00e7\u00e3o do im\u00f3vel, ou nos dados das pessoas que constam no registro \/ matr\u00edcula. Modalidades de retifica\u00e7\u00e3o: Omiss\u00e3o ou erro cometido na transposi\u00e7\u00e3o de qualquer elemento do t\u00edtulo; Indica\u00e7\u00e3o ou atualiza\u00e7\u00e3o &hellip; <\/p>\n<p class=\"link-more\"><a href=\"https:\/\/arrojoengenharia.com\/?page_id=1434\" class=\"more-link\">Continue lendo<span class=\"screen-reader-text\"> &#8220;Retifica\u00e7\u00e3o de registro imobili\u00e1rio&#8221;<\/span><\/a><\/p>\n","protected":false},"author":1,"featured_media":0,"parent":0,"menu_order":0,"comment_status":"closed","ping_status":"closed","template":"elementor_canvas","meta":{"_monsterinsights_skip_tracking":false,"_monsterinsights_sitenote_active":false,"_monsterinsights_sitenote_note":"","_monsterinsights_sitenote_category":0,"footnotes":""},"class_list":["post-1434","page","type-page","status-publish","hentry","entry"],"aioseo_notices":[],"_links":{"self":[{"href":"https:\/\/arrojoengenharia.com\/index.php?rest_route=\/wp\/v2\/pages\/1434","targetHints":{"allow":["GET"]}}],"collection":[{"href":"https:\/\/arrojoengenharia.com\/index.php?rest_route=\/wp\/v2\/pages"}],"about":[{"href":"https:\/\/arrojoengenharia.com\/index.php?rest_route=\/wp\/v2\/types\/page"}],"author":[{"embeddable":true,"href":"https:\/\/arrojoengenharia.com\/index.php?rest_route=\/wp\/v2\/users\/1"}],"replies":[{"embeddable":true,"href":"https:\/\/arrojoengenharia.com\/index.php?rest_route=%2Fwp%2Fv2%2Fcomments&post=1434"}],"version-history":[{"count":20,"href":"https:\/\/arrojoengenharia.com\/index.php?rest_route=\/wp\/v2\/pages\/1434\/revisions"}],"predecessor-version":[{"id":1525,"href":"https:\/\/arrojoengenharia.com\/index.php?rest_route=\/wp\/v2\/pages\/1434\/revisions\/1525"}],"wp:attachment":[{"href":"https:\/\/arrojoengenharia.com\/index.php?rest_route=%2Fwp%2Fv2%2Fmedia&parent=1434"}],"curies":[{"name":"wp","href":"https:\/\/api.w.org\/{rel}","templated":true}]}}