{"id":1418,"date":"2023-05-16T18:38:36","date_gmt":"2023-05-16T21:38:36","guid":{"rendered":"https:\/\/arrojoengenharia.com\/?page_id=1418"},"modified":"2023-05-16T18:44:12","modified_gmt":"2023-05-16T21:44:12","slug":"avcb-auto-de-vistoria-do-corpo-de-bombeiros","status":"publish","type":"page","link":"https:\/\/arrojoengenharia.com\/?page_id=1418","title":{"rendered":"AVCB &#8211; Auto de Vistoria do Corpo de Bombeiros"},"content":{"rendered":"\t\t<div data-elementor-type=\"wp-page\" data-elementor-id=\"1418\" class=\"elementor elementor-1418\">\n\t\t\t\t\t\t<section class=\"elementor-section elementor-top-section elementor-element elementor-element-548202d elementor-section-height-min-height elementor-section-boxed elementor-section-height-default elementor-section-items-middle\" data-id=\"548202d\" data-element_type=\"section\" data-settings=\"{&quot;background_background&quot;:&quot;classic&quot;}\">\n\t\t\t\t\t\t\t<div class=\"elementor-background-overlay\"><\/div>\n\t\t\t\t\t\t\t<div class=\"elementor-container elementor-column-gap-default\">\n\t\t\t\t\t<div class=\"elementor-column elementor-col-100 elementor-top-column elementor-element elementor-element-397fb41\" data-id=\"397fb41\" data-element_type=\"column\">\n\t\t\t<div class=\"elementor-widget-wrap elementor-element-populated\">\n\t\t\t\t\t\t<div class=\"elementor-element elementor-element-139f94e elementor-widget elementor-widget-heading\" data-id=\"139f94e\" data-element_type=\"widget\" data-widget_type=\"heading.default\">\n\t\t\t\t<div class=\"elementor-widget-container\">\n\t\t\t<h3 class=\"elementor-heading-title elementor-size-default\">AVCB -  Auto de Vistoria do Corpo de Bombeiros <\/h3>\t\t<\/div>\n\t\t\t\t<\/div>\n\t\t\t\t\t<\/div>\n\t\t<\/div>\n\t\t\t\t\t<\/div>\n\t\t<\/section>\n\t\t\t\t<section class=\"elementor-section elementor-top-section elementor-element elementor-element-1c75b42 elementor-section-height-min-height elementor-section-boxed elementor-section-height-default elementor-section-items-middle\" data-id=\"1c75b42\" data-element_type=\"section\" data-settings=\"{&quot;background_background&quot;:&quot;classic&quot;}\">\n\t\t\t\t\t\t<div class=\"elementor-container elementor-column-gap-default\">\n\t\t\t\t\t<div class=\"elementor-column elementor-col-100 elementor-top-column elementor-element elementor-element-e12b342\" data-id=\"e12b342\" data-element_type=\"column\">\n\t\t\t<div class=\"elementor-widget-wrap elementor-element-populated\">\n\t\t\t\t\t\t<div class=\"elementor-element elementor-element-78dbd66 elementor-widget elementor-widget-text-editor\" data-id=\"78dbd66\" data-element_type=\"widget\" data-widget_type=\"text-editor.default\">\n\t\t\t\t<div class=\"elementor-widget-container\">\n\t\t\t\t\t\t\t<p>AVCB \u00e9 o documento emitido pelo Corpo de Bombeiros da Pol\u00edcia Militar do Estado de S\u00e3o Paulo (CBPMESP) certificando que, durante a vistoria, a edifica\u00e7\u00e3o possu\u00eda as condi\u00e7\u00f5es de seguran\u00e7a contra inc\u00eandio previstas pela legisla\u00e7\u00e3o e constantes no processo.<\/p>\n<p>\u00a0<\/p>\n<p>O AVCB possui um prazo de validade que pode variar de 1 a 5 anos de acordo com a ocupa\u00e7\u00e3o e caracter\u00edsticas construtivas da edifica\u00e7\u00e3o. Ap\u00f3s o vencimento, o AVCB dever\u00e1 ser renovado.<\/p>\n<p>\u200b<\/p>\n<p><strong>Toda empresa, estabelecimento, ind\u00fastria e pr\u00e9dios residenciais s\u00e3o obrigados a ter o Auto de Vistoria do Corpo de Bombeiros (AVCB).<\/strong> As \u00fanicas edifica\u00e7\u00f5es dispensadas deste documento s\u00e3o as resid\u00eancias para uso exclusivamente unifamiliar.<\/p>\t\t\t\t\t\t<\/div>\n\t\t\t\t<\/div>\n\t\t\t\t\t<\/div>\n\t\t<\/div>\n\t\t\t\t\t<\/div>\n\t\t<\/section>\n\t\t\t\t<\/div>\n\t\t","protected":false},"excerpt":{"rendered":"<p>AVCB &#8211; Auto de Vistoria do Corpo de Bombeiros AVCB \u00e9 o documento emitido pelo Corpo de Bombeiros da Pol\u00edcia Militar do Estado de S\u00e3o Paulo (CBPMESP) certificando que, durante a vistoria, a edifica\u00e7\u00e3o possu\u00eda as condi\u00e7\u00f5es de seguran\u00e7a contra inc\u00eandio previstas pela legisla\u00e7\u00e3o e constantes no processo. \u00a0 O AVCB possui um prazo de &hellip; <\/p>\n<p class=\"link-more\"><a href=\"https:\/\/arrojoengenharia.com\/?page_id=1418\" class=\"more-link\">Continue lendo<span class=\"screen-reader-text\"> &#8220;AVCB &#8211; Auto de Vistoria do Corpo de Bombeiros&#8221;<\/span><\/a><\/p>\n","protected":false},"author":1,"featured_media":0,"parent":0,"menu_order":0,"comment_status":"closed","ping_status":"closed","template":"elementor_canvas","meta":{"_monsterinsights_skip_tracking":false,"_monsterinsights_sitenote_active":false,"_monsterinsights_sitenote_note":"","_monsterinsights_sitenote_category":0,"footnotes":""},"class_list":["post-1418","page","type-page","status-publish","hentry","entry"],"aioseo_notices":[],"_links":{"self":[{"href":"https:\/\/arrojoengenharia.com\/index.php?rest_route=\/wp\/v2\/pages\/1418","targetHints":{"allow":["GET"]}}],"collection":[{"href":"https:\/\/arrojoengenharia.com\/index.php?rest_route=\/wp\/v2\/pages"}],"about":[{"href":"https:\/\/arrojoengenharia.com\/index.php?rest_route=\/wp\/v2\/types\/page"}],"author":[{"embeddable":true,"href":"https:\/\/arrojoengenharia.com\/index.php?rest_route=\/wp\/v2\/users\/1"}],"replies":[{"embeddable":true,"href":"https:\/\/arrojoengenharia.com\/index.php?rest_route=%2Fwp%2Fv2%2Fcomments&post=1418"}],"version-history":[{"count":4,"href":"https:\/\/arrojoengenharia.com\/index.php?rest_route=\/wp\/v2\/pages\/1418\/revisions"}],"predecessor-version":[{"id":1427,"href":"https:\/\/arrojoengenharia.com\/index.php?rest_route=\/wp\/v2\/pages\/1418\/revisions\/1427"}],"wp:attachment":[{"href":"https:\/\/arrojoengenharia.com\/index.php?rest_route=%2Fwp%2Fv2%2Fmedia&parent=1418"}],"curies":[{"name":"wp","href":"https:\/\/api.w.org\/{rel}","templated":true}]}}