{"id":1406,"date":"2023-05-16T18:27:13","date_gmt":"2023-05-16T21:27:13","guid":{"rendered":"https:\/\/arrojoengenharia.com\/?page_id=1406"},"modified":"2023-05-16T18:44:03","modified_gmt":"2023-05-16T21:44:03","slug":"clcb-certificado-de-licenca-do-corpo-de-bombeiros-c-l-c-b","status":"publish","type":"page","link":"https:\/\/arrojoengenharia.com\/?page_id=1406","title":{"rendered":"CLCB \u2013 Certificado de Licen\u00e7a do Corpo de Bombeiros (C.L.C.B)"},"content":{"rendered":"\t\t<div data-elementor-type=\"wp-page\" data-elementor-id=\"1406\" class=\"elementor elementor-1406\">\n\t\t\t\t\t\t<section class=\"elementor-section elementor-top-section elementor-element elementor-element-548202d elementor-section-height-min-height elementor-section-boxed elementor-section-height-default elementor-section-items-middle\" data-id=\"548202d\" data-element_type=\"section\" data-settings=\"{&quot;background_background&quot;:&quot;classic&quot;}\">\n\t\t\t\t\t\t\t<div class=\"elementor-background-overlay\"><\/div>\n\t\t\t\t\t\t\t<div class=\"elementor-container elementor-column-gap-default\">\n\t\t\t\t\t<div class=\"elementor-column elementor-col-100 elementor-top-column elementor-element elementor-element-397fb41\" data-id=\"397fb41\" data-element_type=\"column\">\n\t\t\t<div class=\"elementor-widget-wrap elementor-element-populated\">\n\t\t\t\t\t\t<div class=\"elementor-element elementor-element-139f94e elementor-widget elementor-widget-heading\" data-id=\"139f94e\" data-element_type=\"widget\" data-widget_type=\"heading.default\">\n\t\t\t\t<div class=\"elementor-widget-container\">\n\t\t\t<h3 class=\"elementor-heading-title elementor-size-default\">CLCB \u2013 Certificado de Licen\u00e7a do Corpo de Bombeiros (C.L.C.B) <\/h3>\t\t<\/div>\n\t\t\t\t<\/div>\n\t\t\t\t\t<\/div>\n\t\t<\/div>\n\t\t\t\t\t<\/div>\n\t\t<\/section>\n\t\t\t\t<section class=\"elementor-section elementor-top-section elementor-element elementor-element-1c75b42 elementor-section-height-min-height elementor-section-boxed elementor-section-height-default elementor-section-items-middle\" data-id=\"1c75b42\" data-element_type=\"section\" data-settings=\"{&quot;background_background&quot;:&quot;classic&quot;}\">\n\t\t\t\t\t\t<div class=\"elementor-container elementor-column-gap-default\">\n\t\t\t\t\t<div class=\"elementor-column elementor-col-100 elementor-top-column elementor-element elementor-element-e12b342\" data-id=\"e12b342\" data-element_type=\"column\">\n\t\t\t<div class=\"elementor-widget-wrap elementor-element-populated\">\n\t\t\t\t\t\t<div class=\"elementor-element elementor-element-78dbd66 elementor-widget elementor-widget-text-editor\" data-id=\"78dbd66\" data-element_type=\"widget\" data-widget_type=\"text-editor.default\">\n\t\t\t\t<div class=\"elementor-widget-container\">\n\t\t\t\t\t\t\t<p>Documento emitido pelo Corpo de Bombeiros da Policia Militar do Estado de S\u00e3o Paulo (CBPMESP), certificando que a edifica\u00e7\u00e3o foi enquadrada com sendo de baixo potencial de risco \u00e0 vida ou ao patrim\u00f4nio e concluiu com \u00eaxito o processo de seguran\u00e7a contra inc\u00eandio para regulariza\u00e7\u00e3o junto ao Corpo de Bombeiros. O CLCB possui a mesma efic\u00e1cia do AVCB para fins de comprova\u00e7\u00e3o de regulariza\u00e7\u00e3o da edifica\u00e7\u00e3o perante outros \u00f3rg\u00e3os.<\/p><p>\u200b<\/p><p>Condi\u00e7\u00f5es para enquadrar no CLCB:<\/p>\t\t\t\t\t\t<\/div>\n\t\t\t\t<\/div>\n\t\t\t\t<div class=\"elementor-element elementor-element-e62ed80 elementor-icon-list--layout-traditional elementor-list-item-link-full_width elementor-widget elementor-widget-icon-list\" data-id=\"e62ed80\" data-element_type=\"widget\" data-widget_type=\"icon-list.default\">\n\t\t\t\t<div class=\"elementor-widget-container\">\n\t\t\t\t\t<ul class=\"elementor-icon-list-items\">\n\t\t\t\t\t\t\t<li class=\"elementor-icon-list-item\">\n\t\t\t\t\t\t\t\t\t\t\t<span class=\"elementor-icon-list-icon\">\n\t\t\t\t\t\t\t<i aria-hidden=\"true\" class=\"fas fa-building\"><\/i>\t\t\t\t\t\t<\/span>\n\t\t\t\t\t\t\t\t\t\t<span class=\"elementor-icon-list-text\">Edifica\u00e7\u00e3o t\u00e9rrea<\/span>\n\t\t\t\t\t\t\t\t\t<\/li>\n\t\t\t\t\t\t\t\t<li class=\"elementor-icon-list-item\">\n\t\t\t\t\t\t\t\t\t\t\t<span class=\"elementor-icon-list-icon\">\n\t\t\t\t\t\t\t<i aria-hidden=\"true\" class=\"fas fa-shopping-bag\"><\/i>\t\t\t\t\t\t<\/span>\n\t\t\t\t\t\t\t\t\t\t<span class=\"elementor-icon-list-text\">N\u00e3o comercializar GLP (G\u00e1s Liquefeito de Petr\u00f3leo);<\/span>\n\t\t\t\t\t\t\t\t\t<\/li>\n\t\t\t\t\t\t\t\t<li class=\"elementor-icon-list-item\">\n\t\t\t\t\t\t\t\t\t\t\t<span class=\"elementor-icon-list-icon\">\n\t\t\t\t\t\t\t<i aria-hidden=\"true\" class=\"fas fa-weight-hanging\"><\/i>\t\t\t\t\t\t<\/span>\n\t\t\t\t\t\t\t\t\t\t<span class=\"elementor-icon-list-text\"> Se houver utiliza\u00e7\u00e3o de GLP, possuir no m\u00e1ximo 90 Kg de g\u00e1s;<\/span>\n\t\t\t\t\t\t\t\t\t<\/li>\n\t\t\t\t\t\t\t\t<li class=\"elementor-icon-list-item\">\n\t\t\t\t\t\t\t\t\t\t\t<span class=\"elementor-icon-list-icon\">\n\t\t\t\t\t\t\t<i aria-hidden=\"true\" class=\"fas fa-check\"><\/i>\t\t\t\t\t\t<\/span>\n\t\t\t\t\t\t\t\t\t\t<span class=\"elementor-icon-list-text\">N\u00e3o possuir qualquer outro tipo de g\u00e1s inflam\u00e1vel em tanque ou cilindro;<\/span>\n\t\t\t\t\t\t\t\t\t<\/li>\n\t\t\t\t\t\t\t\t<li class=\"elementor-icon-list-item\">\n\t\t\t\t\t\t\t\t\t\t\t<span class=\"elementor-icon-list-icon\">\n\t\t\t\t\t\t\t<i aria-hidden=\"true\" class=\"fas fa-box\"><\/i>\t\t\t\t\t\t<\/span>\n\t\t\t\t\t\t\t\t\t\t<span class=\"elementor-icon-list-text\">Armazenar no m\u00e1ximo 250L de liquido inflam\u00e1vel ou combust\u00edvel.<\/span>\n\t\t\t\t\t\t\t\t\t<\/li>\n\t\t\t\t\t\t\t\t<li class=\"elementor-icon-list-item\">\n\t\t\t\t\t\t\t\t\t\t\t<span class=\"elementor-icon-list-icon\">\n\t\t\t\t\t\t\t<i aria-hidden=\"true\" class=\"fas fa-file-contract\"><\/i>\t\t\t\t\t\t<\/span>\n\t\t\t\t\t\t\t\t\t\t<span class=\"elementor-icon-list-text\">Declara\u00e7\u00e3o do Propriet\u00e1rio ou Respons\u00e1vel pelo uso da edifica\u00e7\u00e3o;<\/span>\n\t\t\t\t\t\t\t\t\t<\/li>\n\t\t\t\t\t\t\t\t<li class=\"elementor-icon-list-item\">\n\t\t\t\t\t\t\t\t\t\t\t<span class=\"elementor-icon-list-icon\">\n\t\t\t\t\t\t\t<i aria-hidden=\"true\" class=\"fas fa-certificate\"><\/i>\t\t\t\t\t\t<\/span>\n\t\t\t\t\t\t\t\t\t\t<span class=\"elementor-icon-list-text\">Nota\u00e7\u00e3o de responsabilidade t\u00e9cnica (ART), quando exigidos.<\/span>\n\t\t\t\t\t\t\t\t\t<\/li>\n\t\t\t\t\t\t<\/ul>\n\t\t\t\t<\/div>\n\t\t\t\t<\/div>\n\t\t\t\t\t<\/div>\n\t\t<\/div>\n\t\t\t\t\t<\/div>\n\t\t<\/section>\n\t\t\t\t<\/div>\n\t\t","protected":false},"excerpt":{"rendered":"<p>CLCB \u2013 Certificado de Licen\u00e7a do Corpo de Bombeiros (C.L.C.B) Documento emitido pelo Corpo de Bombeiros da Policia Militar do Estado de S\u00e3o Paulo (CBPMESP), certificando que a edifica\u00e7\u00e3o foi enquadrada com sendo de baixo potencial de risco \u00e0 vida ou ao patrim\u00f4nio e concluiu com \u00eaxito o processo de seguran\u00e7a contra inc\u00eandio para regulariza\u00e7\u00e3o &hellip; <\/p>\n<p class=\"link-more\"><a href=\"https:\/\/arrojoengenharia.com\/?page_id=1406\" class=\"more-link\">Continue lendo<span class=\"screen-reader-text\"> &#8220;CLCB \u2013 Certificado de Licen\u00e7a do Corpo de Bombeiros (C.L.C.B)&#8221;<\/span><\/a><\/p>\n","protected":false},"author":1,"featured_media":0,"parent":0,"menu_order":0,"comment_status":"closed","ping_status":"closed","template":"elementor_canvas","meta":{"_monsterinsights_skip_tracking":false,"_monsterinsights_sitenote_active":false,"_monsterinsights_sitenote_note":"","_monsterinsights_sitenote_category":0,"footnotes":""},"class_list":["post-1406","page","type-page","status-publish","hentry","entry"],"aioseo_notices":[],"_links":{"self":[{"href":"https:\/\/arrojoengenharia.com\/index.php?rest_route=\/wp\/v2\/pages\/1406","targetHints":{"allow":["GET"]}}],"collection":[{"href":"https:\/\/arrojoengenharia.com\/index.php?rest_route=\/wp\/v2\/pages"}],"about":[{"href":"https:\/\/arrojoengenharia.com\/index.php?rest_route=\/wp\/v2\/types\/page"}],"author":[{"embeddable":true,"href":"https:\/\/arrojoengenharia.com\/index.php?rest_route=\/wp\/v2\/users\/1"}],"replies":[{"embeddable":true,"href":"https:\/\/arrojoengenharia.com\/index.php?rest_route=%2Fwp%2Fv2%2Fcomments&post=1406"}],"version-history":[{"count":13,"href":"https:\/\/arrojoengenharia.com\/index.php?rest_route=\/wp\/v2\/pages\/1406\/revisions"}],"predecessor-version":[{"id":1424,"href":"https:\/\/arrojoengenharia.com\/index.php?rest_route=\/wp\/v2\/pages\/1406\/revisions\/1424"}],"wp:attachment":[{"href":"https:\/\/arrojoengenharia.com\/index.php?rest_route=%2Fwp%2Fv2%2Fmedia&parent=1406"}],"curies":[{"name":"wp","href":"https:\/\/api.w.org\/{rel}","templated":true}]}}