{"id":1382,"date":"2023-05-16T18:16:31","date_gmt":"2023-05-16T21:16:31","guid":{"rendered":"https:\/\/arrojoengenharia.com\/?page_id=1382"},"modified":"2023-07-24T16:25:19","modified_gmt":"2023-07-24T19:25:19","slug":"evtl-estudo-de-viabilidade-tecnica-e-legal-em-sp","status":"publish","type":"page","link":"https:\/\/arrojoengenharia.com\/?page_id=1382","title":{"rendered":"EVTL &#8211; ESTUDO DE VIABILIDADE T\u00c9CNICA E LEGAL"},"content":{"rendered":"\t\t<div data-elementor-type=\"wp-page\" data-elementor-id=\"1382\" class=\"elementor elementor-1382\">\n\t\t\t\t\t\t<section class=\"elementor-section elementor-top-section elementor-element elementor-element-548202d elementor-section-height-min-height elementor-section-boxed elementor-section-height-default elementor-section-items-middle\" data-id=\"548202d\" data-element_type=\"section\" data-settings=\"{&quot;background_background&quot;:&quot;classic&quot;}\">\n\t\t\t\t\t\t\t<div class=\"elementor-background-overlay\"><\/div>\n\t\t\t\t\t\t\t<div class=\"elementor-container elementor-column-gap-default\">\n\t\t\t\t\t<div class=\"elementor-column elementor-col-100 elementor-top-column elementor-element elementor-element-397fb41\" data-id=\"397fb41\" data-element_type=\"column\">\n\t\t\t<div class=\"elementor-widget-wrap elementor-element-populated\">\n\t\t\t\t\t\t<div class=\"elementor-element elementor-element-139f94e elementor-widget elementor-widget-heading\" data-id=\"139f94e\" data-element_type=\"widget\" data-widget_type=\"heading.default\">\n\t\t\t\t<div class=\"elementor-widget-container\">\n\t\t\t<h3 class=\"elementor-heading-title elementor-size-default\">EVTL - Estudo de viabilidade t\u00e9cnica e legal<\/h3>\t\t<\/div>\n\t\t\t\t<\/div>\n\t\t\t\t\t<\/div>\n\t\t<\/div>\n\t\t\t\t\t<\/div>\n\t\t<\/section>\n\t\t\t\t<section class=\"elementor-section elementor-top-section elementor-element elementor-element-1c75b42 elementor-section-height-min-height elementor-section-boxed elementor-section-height-default elementor-section-items-middle\" data-id=\"1c75b42\" data-element_type=\"section\" data-settings=\"{&quot;background_background&quot;:&quot;classic&quot;}\">\n\t\t\t\t\t\t<div class=\"elementor-container elementor-column-gap-default\">\n\t\t\t\t\t<div class=\"elementor-column elementor-col-100 elementor-top-column elementor-element elementor-element-e12b342\" data-id=\"e12b342\" data-element_type=\"column\">\n\t\t\t<div class=\"elementor-widget-wrap elementor-element-populated\">\n\t\t\t\t\t\t<div class=\"elementor-element elementor-element-78dbd66 elementor-widget elementor-widget-text-editor\" data-id=\"78dbd66\" data-element_type=\"widget\" data-widget_type=\"text-editor.default\">\n\t\t\t\t<div class=\"elementor-widget-container\">\n\t\t\t\t\t\t\t<ol><li style=\"list-style-type: none;\"><p class=\"mbr-section-subtitle\" style=\"margin-top: 0cm; text-align: left;\" align=\"center\"><strong><span style=\"font-family: 'Arial',sans-serif; color: #333333;\">Levantamos todas as informa\u00e7\u00f5es legais sobre o local, etapas necess\u00e1rias para a obten\u00e7\u00e3o de alvar\u00e1s e licenciamentos pretendidos na Prefeitura Municipal de S\u00e3o Paulo (PMSP), suas caracter\u00edsticas para a regulariza\u00e7\u00e3o e viabilidade construtiva do seu neg\u00f3cio.<\/span><\/strong><\/p><\/li><\/ol><p>\u00a0<\/p><h5>1 &#8211; EVTL Completo<\/h5><p>Voltado para incorporadores, arquitetos, engenheiros, corretores e administradores de im\u00f3veis, neste modelo de EVTL levantamos todas as informa\u00e7\u00f5es legais sobre o im\u00f3vel (Plano Diretor, Lei de Zoneamento, C\u00f3digo de Obras, portarias e decretos relacionados), atrav\u00e9s da apresenta\u00e7\u00e3o de um Parecer T\u00e9cnico extenso e detalhado para auxiliar a viabilidade construtiva do terreno antes da efetiva\u00e7\u00e3o da sua compra ou venda. Identificamos em qual zoneamento o im\u00f3vel est\u00e1 inserido e analisamos todas as restri\u00e7\u00f5es e incentivos que ser\u00e3o utilizados para a an\u00e1lise da viabilidade financeira do seu neg\u00f3cio.<\/p><h5>2 &#8211; EVTL Simplificado<\/h5><p>Indicado para empres\u00e1rios, comerciantes e pessoas f\u00edsicas, oferecemos um estudo simplificado do im\u00f3vel ou terreno, apresentando os dados m\u00ednimos necess\u00e1rios para a viabilidade da constru\u00e7\u00e3o, reforma, regulariza\u00e7\u00e3o ou instala\u00e7\u00e3o da atividade pretendida. Conte-nos as suas necessidades que te auxiliamos a obter as informa\u00e7\u00f5es corretas para viabilizar o seu neg\u00f3cio ou a sua obra.<\/p><h5>3 &#8211; EVTL Personalizado<\/h5><p>EVTL focado nos dados e par\u00e2metros que mais se encaixam no que voc\u00ea precisa saber para viabilizar a sua ideia.<\/p>\t\t\t\t\t\t<\/div>\n\t\t\t\t<\/div>\n\t\t\t\t\t<\/div>\n\t\t<\/div>\n\t\t\t\t\t<\/div>\n\t\t<\/section>\n\t\t\t\t<\/div>\n\t\t","protected":false},"excerpt":{"rendered":"<p>EVTL &#8211; Estudo de viabilidade t\u00e9cnica e legal Levantamos todas as informa\u00e7\u00f5es legais sobre o local, etapas necess\u00e1rias para a obten\u00e7\u00e3o de alvar\u00e1s e licenciamentos pretendidos na Prefeitura Municipal de S\u00e3o Paulo (PMSP), suas caracter\u00edsticas para a regulariza\u00e7\u00e3o e viabilidade construtiva do seu neg\u00f3cio. 1 &#8211; EVTL Completo Voltado para incorporadores, arquitetos, engenheiros, corretores e &hellip; <\/p>\n<p class=\"link-more\"><a href=\"https:\/\/arrojoengenharia.com\/?page_id=1382\" class=\"more-link\">Continue lendo<span class=\"screen-reader-text\"> &#8220;EVTL &#8211; ESTUDO DE VIABILIDADE T\u00c9CNICA E LEGAL&#8221;<\/span><\/a><\/p>\n","protected":false},"author":1,"featured_media":0,"parent":0,"menu_order":0,"comment_status":"closed","ping_status":"closed","template":"elementor_canvas","meta":{"_monsterinsights_skip_tracking":false,"_monsterinsights_sitenote_active":false,"_monsterinsights_sitenote_note":"","_monsterinsights_sitenote_category":0,"footnotes":""},"class_list":["post-1382","page","type-page","status-publish","hentry","entry"],"aioseo_notices":[],"_links":{"self":[{"href":"https:\/\/arrojoengenharia.com\/index.php?rest_route=\/wp\/v2\/pages\/1382","targetHints":{"allow":["GET"]}}],"collection":[{"href":"https:\/\/arrojoengenharia.com\/index.php?rest_route=\/wp\/v2\/pages"}],"about":[{"href":"https:\/\/arrojoengenharia.com\/index.php?rest_route=\/wp\/v2\/types\/page"}],"author":[{"embeddable":true,"href":"https:\/\/arrojoengenharia.com\/index.php?rest_route=\/wp\/v2\/users\/1"}],"replies":[{"embeddable":true,"href":"https:\/\/arrojoengenharia.com\/index.php?rest_route=%2Fwp%2Fv2%2Fcomments&post=1382"}],"version-history":[{"count":8,"href":"https:\/\/arrojoengenharia.com\/index.php?rest_route=\/wp\/v2\/pages\/1382\/revisions"}],"predecessor-version":[{"id":1866,"href":"https:\/\/arrojoengenharia.com\/index.php?rest_route=\/wp\/v2\/pages\/1382\/revisions\/1866"}],"wp:attachment":[{"href":"https:\/\/arrojoengenharia.com\/index.php?rest_route=%2Fwp%2Fv2%2Fmedia&parent=1382"}],"curies":[{"name":"wp","href":"https:\/\/api.w.org\/{rel}","templated":true}]}}