{"id":1255,"date":"2023-03-25T14:26:57","date_gmt":"2023-03-25T17:26:57","guid":{"rendered":"https:\/\/arrojoengenharia.com\/?page_id=1255"},"modified":"2023-05-16T16:22:43","modified_gmt":"2023-05-16T19:22:43","slug":"laudo-de-habitabilidade","status":"publish","type":"page","link":"https:\/\/arrojoengenharia.com\/?page_id=1255","title":{"rendered":"Laudo de habitabilidade"},"content":{"rendered":"\t\t<div data-elementor-type=\"wp-page\" data-elementor-id=\"1255\" class=\"elementor elementor-1255\">\n\t\t\t\t\t\t<section class=\"elementor-section elementor-top-section elementor-element elementor-element-548202d elementor-section-height-min-height elementor-section-boxed elementor-section-height-default elementor-section-items-middle\" data-id=\"548202d\" data-element_type=\"section\" data-settings=\"{&quot;background_background&quot;:&quot;classic&quot;}\">\n\t\t\t\t\t\t\t<div class=\"elementor-background-overlay\"><\/div>\n\t\t\t\t\t\t\t<div class=\"elementor-container elementor-column-gap-default\">\n\t\t\t\t\t<div class=\"elementor-column elementor-col-100 elementor-top-column elementor-element elementor-element-397fb41\" data-id=\"397fb41\" data-element_type=\"column\">\n\t\t\t<div class=\"elementor-widget-wrap elementor-element-populated\">\n\t\t\t\t\t\t<div class=\"elementor-element elementor-element-139f94e elementor-widget elementor-widget-heading\" data-id=\"139f94e\" data-element_type=\"widget\" data-widget_type=\"heading.default\">\n\t\t\t\t<div class=\"elementor-widget-container\">\n\t\t\t<h3 class=\"elementor-heading-title elementor-size-default\">Laudo de habitabilidade - Escolas \/ Creches e Container<\/h3>\t\t<\/div>\n\t\t\t\t<\/div>\n\t\t\t\t\t<\/div>\n\t\t<\/div>\n\t\t\t\t\t<\/div>\n\t\t<\/section>\n\t\t\t\t<section class=\"elementor-section elementor-top-section elementor-element elementor-element-1c75b42 elementor-section-height-min-height elementor-section-boxed elementor-section-height-default elementor-section-items-middle\" data-id=\"1c75b42\" data-element_type=\"section\" data-settings=\"{&quot;background_background&quot;:&quot;classic&quot;}\">\n\t\t\t\t\t\t<div class=\"elementor-container elementor-column-gap-default\">\n\t\t\t\t\t<div class=\"elementor-column elementor-col-100 elementor-top-column elementor-element elementor-element-e12b342\" data-id=\"e12b342\" data-element_type=\"column\">\n\t\t\t<div class=\"elementor-widget-wrap elementor-element-populated\">\n\t\t\t\t\t\t<div class=\"elementor-element elementor-element-78dbd66 elementor-widget elementor-widget-text-editor\" data-id=\"78dbd66\" data-element_type=\"widget\" data-widget_type=\"text-editor.default\">\n\t\t\t\t<div class=\"elementor-widget-container\">\n\t\t\t\t\t\t\t<p><strong>Objetivo<\/strong>: O Laudo de habitabilidade \u00e9 um documento t\u00e9cnico emitido por um engenheiro civil ou da seguran\u00e7a do trabalho.<\/p><p>Esse documento tem como objetivo certificar que uma determinada edifica\u00e7\u00e3o apresenta as devidas condi\u00e7\u00f5es no que diz respeito \u00e0 estabilidade de sua estrutura, ao ambiente em que est\u00e1 localizada e aos fins a que se destina.<\/p><p>Esse laudo geralmente \u00e9 requisitado para pr\u00e9dios de institui\u00e7\u00f5es de ensino como escolas e creches, e para containers com finalidade de serem habitados,<\/p><p>Dessa maneira, o laudo de habitabilidade garante que o local em quest\u00e3o oferece a seguran\u00e7a necess\u00e1ria para que as pessoas que o frequentam n\u00e3o corram riscos relacionados \u00e0 m\u00e1s condi\u00e7\u00f5es.<\/p><p><strong>Prazo m\u00e9dio de entrega: <\/strong>5 dias \u00fateis.<\/p>\t\t\t\t\t\t<\/div>\n\t\t\t\t<\/div>\n\t\t\t\t\t<\/div>\n\t\t<\/div>\n\t\t\t\t\t<\/div>\n\t\t<\/section>\n\t\t\t\t<\/div>\n\t\t","protected":false},"excerpt":{"rendered":"<p>Laudo de habitabilidade &#8211; Escolas \/ Creches e Container Objetivo: O Laudo de habitabilidade \u00e9 um documento t\u00e9cnico emitido por um engenheiro civil ou da seguran\u00e7a do trabalho. Esse documento tem como objetivo certificar que uma determinada edifica\u00e7\u00e3o apresenta as devidas condi\u00e7\u00f5es no que diz respeito \u00e0 estabilidade de sua estrutura, ao ambiente em que &hellip; <\/p>\n<p class=\"link-more\"><a href=\"https:\/\/arrojoengenharia.com\/?page_id=1255\" class=\"more-link\">Continue lendo<span class=\"screen-reader-text\"> &#8220;Laudo de habitabilidade&#8221;<\/span><\/a><\/p>\n","protected":false},"author":1,"featured_media":0,"parent":0,"menu_order":0,"comment_status":"closed","ping_status":"closed","template":"elementor_canvas","meta":{"_monsterinsights_skip_tracking":false,"_monsterinsights_sitenote_active":false,"_monsterinsights_sitenote_note":"","_monsterinsights_sitenote_category":0,"footnotes":""},"class_list":["post-1255","page","type-page","status-publish","hentry","entry"],"aioseo_notices":[],"_links":{"self":[{"href":"https:\/\/arrojoengenharia.com\/index.php?rest_route=\/wp\/v2\/pages\/1255","targetHints":{"allow":["GET"]}}],"collection":[{"href":"https:\/\/arrojoengenharia.com\/index.php?rest_route=\/wp\/v2\/pages"}],"about":[{"href":"https:\/\/arrojoengenharia.com\/index.php?rest_route=\/wp\/v2\/types\/page"}],"author":[{"embeddable":true,"href":"https:\/\/arrojoengenharia.com\/index.php?rest_route=\/wp\/v2\/users\/1"}],"replies":[{"embeddable":true,"href":"https:\/\/arrojoengenharia.com\/index.php?rest_route=%2Fwp%2Fv2%2Fcomments&post=1255"}],"version-history":[{"count":7,"href":"https:\/\/arrojoengenharia.com\/index.php?rest_route=\/wp\/v2\/pages\/1255\/revisions"}],"predecessor-version":[{"id":1363,"href":"https:\/\/arrojoengenharia.com\/index.php?rest_route=\/wp\/v2\/pages\/1255\/revisions\/1363"}],"wp:attachment":[{"href":"https:\/\/arrojoengenharia.com\/index.php?rest_route=%2Fwp%2Fv2%2Fmedia&parent=1255"}],"curies":[{"name":"wp","href":"https:\/\/api.w.org\/{rel}","templated":true}]}}