{"id":1243,"date":"2023-03-25T14:22:30","date_gmt":"2023-03-25T17:22:30","guid":{"rendered":"https:\/\/arrojoengenharia.com\/?page_id=1243"},"modified":"2023-05-16T16:22:50","modified_gmt":"2023-05-16T19:22:50","slug":"laudo-de-reforma-nbr-16-280","status":"publish","type":"page","link":"https:\/\/arrojoengenharia.com\/?page_id=1243","title":{"rendered":"Laudo de Reforma \u2013 NBR 16.280"},"content":{"rendered":"\t\t<div data-elementor-type=\"wp-page\" data-elementor-id=\"1243\" class=\"elementor elementor-1243\">\n\t\t\t\t\t\t<section class=\"elementor-section elementor-top-section elementor-element elementor-element-548202d elementor-section-height-min-height elementor-section-boxed elementor-section-height-default elementor-section-items-middle\" data-id=\"548202d\" data-element_type=\"section\" data-settings=\"{&quot;background_background&quot;:&quot;classic&quot;}\">\n\t\t\t\t\t\t\t<div class=\"elementor-background-overlay\"><\/div>\n\t\t\t\t\t\t\t<div class=\"elementor-container elementor-column-gap-default\">\n\t\t\t\t\t<div class=\"elementor-column elementor-col-100 elementor-top-column elementor-element elementor-element-397fb41\" data-id=\"397fb41\" data-element_type=\"column\">\n\t\t\t<div class=\"elementor-widget-wrap elementor-element-populated\">\n\t\t\t\t\t\t<div class=\"elementor-element elementor-element-139f94e elementor-widget elementor-widget-heading\" data-id=\"139f94e\" data-element_type=\"widget\" data-widget_type=\"heading.default\">\n\t\t\t\t<div class=\"elementor-widget-container\">\n\t\t\t<h3 class=\"elementor-heading-title elementor-size-default\">Laudo de Reforma \u2013 NBR 16.280<\/h3>\t\t<\/div>\n\t\t\t\t<\/div>\n\t\t\t\t\t<\/div>\n\t\t<\/div>\n\t\t\t\t\t<\/div>\n\t\t<\/section>\n\t\t\t\t<section class=\"elementor-section elementor-top-section elementor-element elementor-element-1c75b42 elementor-section-height-min-height elementor-section-boxed elementor-section-height-default elementor-section-items-middle\" data-id=\"1c75b42\" data-element_type=\"section\" data-settings=\"{&quot;background_background&quot;:&quot;classic&quot;}\">\n\t\t\t\t\t\t<div class=\"elementor-container elementor-column-gap-default\">\n\t\t\t\t\t<div class=\"elementor-column elementor-col-100 elementor-top-column elementor-element elementor-element-e12b342\" data-id=\"e12b342\" data-element_type=\"column\">\n\t\t\t<div class=\"elementor-widget-wrap elementor-element-populated\">\n\t\t\t\t\t\t<div class=\"elementor-element elementor-element-78dbd66 elementor-widget elementor-widget-text-editor\" data-id=\"78dbd66\" data-element_type=\"widget\" data-widget_type=\"text-editor.default\">\n\t\t\t\t<div class=\"elementor-widget-container\">\n\t\t\t\t\t\t\t<ol><li style=\"list-style-type: none;\"><strong>Objetivo<\/strong>: A norma\u00a0NBR\/ABNT 16.280\/2014 estabelece que toda reforma de im\u00f3vel que\u00a0altere ou comprometa a seguran\u00e7a da edifica\u00e7\u00e3o ou de seu entorno, necessita\u00a0ser submetida \u00e0 an\u00e1lise t\u00e9cnica e exigir\u00e1 laudo t\u00e9cnico assinado por engenheiro civil ou arquiteto.<br \/>O Laudo t\u00e9cnico de reforma \u00e9 um documento elaborado em forma de relat\u00f3rio, este laudo explica o que ser\u00e1 realizado e de que forma ser\u00e1 executado, e o mais importante, atesta que a reforma n\u00e3o afetar\u00e1 a integridade do sistema estrutural e de conforto do im\u00f3vel, garantindo assim seguran\u00e7a ao morador e a seus vizinhos.\u00a0<br \/><p><strong>Considera\u00e7\u00f5es<\/strong>: Muitos n\u00e3o sabem, mas o documento \u00e9 obrigat\u00f3rio at\u00e9 para pequenas obras, como troca de piso ou mudan\u00e7as hidr\u00e1ulicas.<\/p><strong>Prazo m\u00e9dio de entrega: <\/strong>5 dias \u00fateis.<\/li><\/ol>\t\t\t\t\t\t<\/div>\n\t\t\t\t<\/div>\n\t\t\t\t\t<\/div>\n\t\t<\/div>\n\t\t\t\t\t<\/div>\n\t\t<\/section>\n\t\t\t\t<\/div>\n\t\t","protected":false},"excerpt":{"rendered":"<p>Laudo de Reforma \u2013 NBR 16.280 Objetivo: A norma\u00a0NBR\/ABNT 16.280\/2014 estabelece que toda reforma de im\u00f3vel que\u00a0altere ou comprometa a seguran\u00e7a da edifica\u00e7\u00e3o ou de seu entorno, necessita\u00a0ser submetida \u00e0 an\u00e1lise t\u00e9cnica e exigir\u00e1 laudo t\u00e9cnico assinado por engenheiro civil ou arquiteto.O Laudo t\u00e9cnico de reforma \u00e9 um documento elaborado em forma de relat\u00f3rio, este &hellip; <\/p>\n<p class=\"link-more\"><a href=\"https:\/\/arrojoengenharia.com\/?page_id=1243\" class=\"more-link\">Continue lendo<span class=\"screen-reader-text\"> &#8220;Laudo de Reforma \u2013 NBR 16.280&#8221;<\/span><\/a><\/p>\n","protected":false},"author":1,"featured_media":0,"parent":0,"menu_order":0,"comment_status":"closed","ping_status":"closed","template":"elementor_canvas","meta":{"_monsterinsights_skip_tracking":false,"_monsterinsights_sitenote_active":false,"_monsterinsights_sitenote_note":"","_monsterinsights_sitenote_category":0,"footnotes":""},"class_list":["post-1243","page","type-page","status-publish","hentry","entry"],"aioseo_notices":[],"_links":{"self":[{"href":"https:\/\/arrojoengenharia.com\/index.php?rest_route=\/wp\/v2\/pages\/1243","targetHints":{"allow":["GET"]}}],"collection":[{"href":"https:\/\/arrojoengenharia.com\/index.php?rest_route=\/wp\/v2\/pages"}],"about":[{"href":"https:\/\/arrojoengenharia.com\/index.php?rest_route=\/wp\/v2\/types\/page"}],"author":[{"embeddable":true,"href":"https:\/\/arrojoengenharia.com\/index.php?rest_route=\/wp\/v2\/users\/1"}],"replies":[{"embeddable":true,"href":"https:\/\/arrojoengenharia.com\/index.php?rest_route=%2Fwp%2Fv2%2Fcomments&post=1243"}],"version-history":[{"count":13,"href":"https:\/\/arrojoengenharia.com\/index.php?rest_route=\/wp\/v2\/pages\/1243\/revisions"}],"predecessor-version":[{"id":1366,"href":"https:\/\/arrojoengenharia.com\/index.php?rest_route=\/wp\/v2\/pages\/1243\/revisions\/1366"}],"wp:attachment":[{"href":"https:\/\/arrojoengenharia.com\/index.php?rest_route=%2Fwp%2Fv2%2Fmedia&parent=1243"}],"curies":[{"name":"wp","href":"https:\/\/api.w.org\/{rel}","templated":true}]}}