{"id":1216,"date":"2023-03-25T14:12:50","date_gmt":"2023-03-25T17:12:50","guid":{"rendered":"https:\/\/arrojoengenharia.com\/?page_id=1216"},"modified":"2023-05-16T16:23:03","modified_gmt":"2023-05-16T19:23:03","slug":"laudo-de-resistencia-do-concreto","status":"publish","type":"page","link":"https:\/\/arrojoengenharia.com\/?page_id=1216","title":{"rendered":"Laudo de resist\u00eancia do concreto"},"content":{"rendered":"\t\t<div data-elementor-type=\"wp-page\" data-elementor-id=\"1216\" class=\"elementor elementor-1216\">\n\t\t\t\t\t\t<section class=\"elementor-section elementor-top-section elementor-element elementor-element-548202d elementor-section-height-min-height elementor-section-boxed elementor-section-height-default elementor-section-items-middle\" data-id=\"548202d\" data-element_type=\"section\" data-settings=\"{&quot;background_background&quot;:&quot;classic&quot;}\">\n\t\t\t\t\t\t\t<div class=\"elementor-background-overlay\"><\/div>\n\t\t\t\t\t\t\t<div class=\"elementor-container elementor-column-gap-default\">\n\t\t\t\t\t<div class=\"elementor-column elementor-col-100 elementor-top-column elementor-element elementor-element-397fb41\" data-id=\"397fb41\" data-element_type=\"column\">\n\t\t\t<div class=\"elementor-widget-wrap elementor-element-populated\">\n\t\t\t\t\t\t<div class=\"elementor-element elementor-element-139f94e elementor-widget elementor-widget-heading\" data-id=\"139f94e\" data-element_type=\"widget\" data-widget_type=\"heading.default\">\n\t\t\t\t<div class=\"elementor-widget-container\">\n\t\t\t<h3 class=\"elementor-heading-title elementor-size-default\">Laudo de resist\u00eancia do concreto.<\/h3>\t\t<\/div>\n\t\t\t\t<\/div>\n\t\t\t\t\t<\/div>\n\t\t<\/div>\n\t\t\t\t\t<\/div>\n\t\t<\/section>\n\t\t\t\t<section class=\"elementor-section elementor-top-section elementor-element elementor-element-1c75b42 elementor-section-height-min-height elementor-section-boxed elementor-section-height-default elementor-section-items-middle\" data-id=\"1c75b42\" data-element_type=\"section\" data-settings=\"{&quot;background_background&quot;:&quot;classic&quot;}\">\n\t\t\t\t\t\t<div class=\"elementor-container elementor-column-gap-default\">\n\t\t\t\t\t<div class=\"elementor-column elementor-col-100 elementor-top-column elementor-element elementor-element-e12b342\" data-id=\"e12b342\" data-element_type=\"column\">\n\t\t\t<div class=\"elementor-widget-wrap elementor-element-populated\">\n\t\t\t\t\t\t<div class=\"elementor-element elementor-element-78dbd66 elementor-widget elementor-widget-text-editor\" data-id=\"78dbd66\" data-element_type=\"widget\" data-widget_type=\"text-editor.default\">\n\t\t\t\t<div class=\"elementor-widget-container\">\n\t\t\t\t\t\t\t<ol><li style=\"list-style-type: none;\"><p><strong>Objetivo<\/strong>: \u00a0A Esclerometria\u00a0\u00e9 um ensaio n\u00e3o destrutivo que tem como objetivo aferir a dureza superficial do concreto, fornecendo os dados necess\u00e1rios para a avalia\u00e7\u00e3o da qualidade do concreto endurecido.<\/p><p><strong>Metodologia:<\/strong> A metodologia prevista para realiza\u00e7\u00e3o dos ensaios \u00e9 descrita pela NBR 7584\/2012 e requer que sejam aplicados determinados n\u00fameros de impactos com o martelo (entre 9 e 16), uniformemente distribu\u00eddos atrav\u00e9s de uma malha de pontos desenhada na estrutura, com aux\u00edlio de um gabarito. Cada golpe equivale a um determinado \u00edndice \u2013 Q (\u00edndice esclerom\u00e9trico). Para o conjunto de golpes \u00e9 calculada a m\u00e9dia dos \u00edndices obtidos. Para melhor homogeneidade dos resultados, usualmente exclui-se os valores fora da margem limite de 10% em rela\u00e7\u00e3o \u00e0 m\u00e9dia aritm\u00e9tica das medidas e eventualmente os valores que aumentem em demasia o desvio padr\u00e3o dos dados.<\/p><p>A estimativa de resist\u00eancia \u00e0 compress\u00e3o do concreto (em MPa) \u00e9 realizada por meio de correla\u00e7\u00e3o entre os \u00edndices \u2013 Q, dos impactos do martelo, e uma curva de calibra\u00e7\u00e3o adequada.\u00a0<\/p><p>\u00a0<\/p><p><strong>Prazo m\u00e9dio de entrega<\/strong>: 5 a 10 dias \u00fateis<\/p><\/li><\/ol>\t\t\t\t\t\t<\/div>\n\t\t\t\t<\/div>\n\t\t\t\t\t<\/div>\n\t\t<\/div>\n\t\t\t\t\t<\/div>\n\t\t<\/section>\n\t\t\t\t<\/div>\n\t\t","protected":false},"excerpt":{"rendered":"<p>Laudo de resist\u00eancia do concreto. Objetivo: \u00a0A Esclerometria\u00a0\u00e9 um ensaio n\u00e3o destrutivo que tem como objetivo aferir a dureza superficial do concreto, fornecendo os dados necess\u00e1rios para a avalia\u00e7\u00e3o da qualidade do concreto endurecido. Metodologia: A metodologia prevista para realiza\u00e7\u00e3o dos ensaios \u00e9 descrita pela NBR 7584\/2012 e requer que sejam aplicados determinados n\u00fameros de &hellip; <\/p>\n<p class=\"link-more\"><a href=\"https:\/\/arrojoengenharia.com\/?page_id=1216\" class=\"more-link\">Continue lendo<span class=\"screen-reader-text\"> &#8220;Laudo de resist\u00eancia do concreto&#8221;<\/span><\/a><\/p>\n","protected":false},"author":1,"featured_media":0,"parent":0,"menu_order":0,"comment_status":"closed","ping_status":"closed","template":"elementor_canvas","meta":{"_monsterinsights_skip_tracking":false,"_monsterinsights_sitenote_active":false,"_monsterinsights_sitenote_note":"","_monsterinsights_sitenote_category":0,"footnotes":""},"class_list":["post-1216","page","type-page","status-publish","hentry","entry"],"aioseo_notices":[],"_links":{"self":[{"href":"https:\/\/arrojoengenharia.com\/index.php?rest_route=\/wp\/v2\/pages\/1216","targetHints":{"allow":["GET"]}}],"collection":[{"href":"https:\/\/arrojoengenharia.com\/index.php?rest_route=\/wp\/v2\/pages"}],"about":[{"href":"https:\/\/arrojoengenharia.com\/index.php?rest_route=\/wp\/v2\/types\/page"}],"author":[{"embeddable":true,"href":"https:\/\/arrojoengenharia.com\/index.php?rest_route=\/wp\/v2\/users\/1"}],"replies":[{"embeddable":true,"href":"https:\/\/arrojoengenharia.com\/index.php?rest_route=%2Fwp%2Fv2%2Fcomments&post=1216"}],"version-history":[{"count":7,"href":"https:\/\/arrojoengenharia.com\/index.php?rest_route=\/wp\/v2\/pages\/1216\/revisions"}],"predecessor-version":[{"id":1375,"href":"https:\/\/arrojoengenharia.com\/index.php?rest_route=\/wp\/v2\/pages\/1216\/revisions\/1375"}],"wp:attachment":[{"href":"https:\/\/arrojoengenharia.com\/index.php?rest_route=%2Fwp%2Fv2%2Fmedia&parent=1216"}],"curies":[{"name":"wp","href":"https:\/\/api.w.org\/{rel}","templated":true}]}}